{"id":644,"date":"2018-01-16T16:20:16","date_gmt":"2018-01-16T15:20:16","guid":{"rendered":"http:\/\/www.pariopportunitagubbio.it\/?page_id=644"},"modified":"2021-03-10T22:32:17","modified_gmt":"2021-03-10T21:32:17","slug":"programma-attivita-2018","status":"publish","type":"page","link":"http:\/\/www.pariopportunitagubbio.it\/index.php\/programma-attivita-2018\/","title":{"rendered":"Programma attivit\u00e0 2018"},"content":{"rendered":"<p>&nbsp;<\/p>\n<p>&nbsp;<\/p>\n<p>La Commissione Pari Opportunit\u00e0 per l\u2019anno 2018 intende realizzare un programma che garantisca la prosecuzione delle iniziative gi\u00e0 avviate nel triennio 2015\/2017 e la predisposizione di nuove attivit\u00e0 anche in collaborazione con altri enti, assessorati comunali, associazioni ed altri soggetti istituzionali, in continuit\u00e0 con il lavoro svolto e coerentemente con le finalit\u00e0 proprie della Commissione stessa.<\/p>\n<p>&nbsp;<\/p>\n<p><strong>PROGETTI<\/strong><\/p>\n<p><strong>1. Raccontiamoci una storia nuova<\/strong><\/p>\n<p>La Commissione Pari Opportunit\u00e0, in accordo con l&#8217;Assessorato alle Politiche Sociali e Pari Opportunit\u00e0 del Comune di Gubbio, si \u00e8 fatta, nel triennio del 2015\/2017, promotrice di un progetto rivolto agli Istituti di scuola secondaria di primo e secondo grado della citt\u00e0. Per i primi due anni la collaborazione con la prof.ssa Maria Giuseppina Pacilli, docente di Psicologia Sociale e di Comunit\u00e0 dell&#8217;Universit\u00e0 di Perugia, ha dato vita al progetto denominato \u201cStereotipi di genere\u201d, positivamete accolto dall&#8217;IIS Cassata-Gattapone, che per due anni consecutivi ne ha consentito la realizzazione; nel 2017 questa Commissione ha ritenuto necessario un abbassamento dell&#8217;et\u00e0 dell&#8217;utenza, coinvolgendo la scuola media \u201cMastrogiorgio-Nelli\u201d, perch\u00e8 la formazione proposta possa partire da fasce sempre pi\u00f9 basse d&#8217;et\u00e0. Il progetto denominato Raccontiamoci una storia nuova si propone di promuovere e diffondere il rispetto dei diritti civili delle donne dalla considerazione che la costruzione della personalit\u00e0 avviene, fin dall\u2019infanzia, attraverso la diffusione e l\u2019influenza di modelli culturali che, ad oggi e trasversalmente ad ogni cultura, appaiono fortemente limitanti e rigidi, sia per i bambini che per le bambine. Queste ultime, inoltre, sono particolarmente penalizzate da sistemi simbolici, sociali ed economici che le privano del diritto all&#8217;espressione di tante loro potenzialit\u00e0 e qualit\u00e0. Sappiamo bene quanto la costruzione dell&#8217;immaginario personale e perci\u00f2 della personalit\u00e0 sia fortemente condizionato dal linguaggio, verbale e non verbale quindi non abbiamo potuto prescindere dal proporre una riflessione approfondita sulla lingua che utilizziamo quotidianamente per usarla, con consapevolezza, nella sua forma pi\u00f9 inclusiva, offrendo spazio e rappresentanza a tutte le persone, a partire dal riconoscimento della prima differenza, quella tra genere femminile e genere maschile.L&#8217;intento di questo 2018 \u00e8 proseguire su questa strada. L&#8217;obiettivo \u00e8 contrastare gli stereotipi di genere sin dall&#8217;infanzia.<\/p>\n<p>&nbsp;<\/p>\n<p><strong>2. Giornata della Memoria in collaborazione con l&#8217;Associazione Famiglie 40 martiri onlus<\/strong><\/p>\n<p>In occasione del 27 gennaio, Giornata della Memoria, la Commissione Pari Opportunit\u00e0 intende organizzare, in collaborazione con l&#8217;Associazione Famiglie 40 martiri onlus, un evento assai particolare: Siamo a Goerliz, in Germania, \u00e8 il gennaio del 1941, nel Campo di Prigionia STALAG VIII A, nelle pi\u00f9 difficili delle circostanze, in una notte terribilmente fredda, davanti a 5.000 prigionieri stremati e ai loro carcerieri, con strumenti fatiscenti, venne composta ed eseguita la pi\u00f9 bella ed eterea musica del XX secolo. La CPO vorrebbe fare dono alla cittadinanza dell&#8217;ascolto di questa musica struggente, attraverso il concerto \u201cQUATUOR DE LA FIN DU TEMPS\u201d Olivier Messiaen, ad eseguirlo intende chiamare il \u201cTrio Ars et Labor\u201d.<\/p>\n<p>&nbsp;<\/p>\n<p><strong>3. Azione di supporto al punto di ascolto contro la violenza alle donne e promozione dell\u2019attivit\u00e0 per favorirne l\u2019utilizzo<\/strong><\/p>\n<p>Il 22 novembre 2013 \u00e8 stato inaugurato il Punto di ascolto presso la sede del Servizio Programmazione e Servizi Sociali del Comune di Gubbio, per svolgere attivit\u00e0 di accoglienza, garantire la dimensione dell\u2019ascolto, analizzare i bisogni e definire le strategie di accompagnamento ed uscita dalla violenza in collaborazione con il Telefono donna del Centro Regionale per le Pari Opportunit\u00e0. Il Punto di ascolto si rivolge a tutte le donne vittime di violenza e maltrattamento residenti o domiciliate nella Zona sociale 7 (Gubbio, Gualdo Tadino, Scheggia e Pascelupo, Costacciaro, Sigillo, Fossato di Vico). La CPO ha collaborato nel 2014 per due giorni alla settimana (il marted\u00ec mattina e il gioved\u00ec pomeriggio) all\u2019apertura del Punto di Ascolto mettendo a disposizione (a turno) le componenti che avevano acquisito, con apposito corso di formazione, le necessarie competenze a svolgere l\u2019attivit\u00e0 di accoglienza.<\/p>\n<p>Nell\u2019anno 2014 si \u00e8 concluso il progetto regionale \u201cUNA &#8211; Umbria Network Antiviolenza\u201d che intende consolidare e sistematizzare la rete regionale fra i vari attori pubblici e privati, gi\u00e0 parzialmente attiva sul territorio regionale, per la creazione di nuovi servizi territoriali integrati per il contrasto della violenza di genere. Nel 2015 sono cos\u00ec stati aperti due Centri antiviolenza con sedi a Perugia a Terni per completare l\u2019offerta dei servizi contro la violenza alle donne. Il Comune di Gubbio e la Azienda USL Umbria 1 hanno aderito al Progetto UNA e hanno aperto il Punto di ascolto in qualit\u00e0 di firmatari dell\u2019ATS (Associazione Temporanea di Scopo) avendo gi\u00e0 siglato il 25 novembre 2011 un accordo di programma contro la violenza ai minori e alle donne con gli altri Comuni della Zona Sociale 7 e il Centro Regionale per le Pari Opportunit\u00e0.<\/p>\n<p>Per l&#8217;anno 2018 l\u2019attivit\u00e0 della CPO sar\u00e0 prioritariamente finalizzata a collaborare con i soggetti firmatari dell\u2019A.T.S. per:<\/p>\n<p>1. pubblicizzare l\u2019apertura del punto di ascolto insieme a tutti i soggetti coinvolti nelle rete antiviolenza dai MMG, ai Servizi territoriali e ospedalieri, alle Forze dell\u2019Ordine ecc.;<\/p>\n<p>2. realizzare iniziative da concertare con gli Istituti scolastici, finalizzate ad educare alla costruzione di una cultura della non violenza e all\u2018analisi e al superamento degli stereotipi di genere.<\/p>\n<p>.<\/p>\n<p><strong>4. Celebrazione dell\u20198 marzo<\/strong><\/p>\n<p>In occasione dell\u20198 marzo, Giornata Internazionale della donna, la CPO intende organizzare, come negli anni precedenti, alcune iniziative rivolte sia alla cittadinanza che alle scuole.<\/p>\n<p>Nella prima met\u00e0 del mese di marzo sar\u00e0 organizzato un incontro informativo, in collaborazione con il Consultorio Territoriale ed il Centro di Salute Mentale, sul tema della depressione post-partum. Quest&#8217;anno intendiamo operare di concerto con alcune societ\u00e0 sportive che hanno mostrato sensibilit\u00e0 e rispetto per le tematiche che pi\u00f9 da vicino riguardano la donna.<\/p>\n<p>Gi\u00e0 da ora la Commissione Pari Opportunit\u00e0 sta avviando dei contatti con Dacia Maraini, la sua curatrice e la sua casa editrice perch\u00e8 possa essere ospitata nella nostra citt\u00e0 e, contestualmente, presentare il suo ultimo libro \u201cTre donne\u201d.<\/p>\n<p>La Commissione, inoltre, prosegue nel proporre momenti di approfondimento culturale e film.<\/p>\n<p><strong>5. Impegno per la lotta contro la violenza alle donne<\/strong><\/p>\n<p>Per celebrare il 25 novembre, la Giornata Internazionale contro la violenza sulle donne secondo la risoluzione ONU del 17\/12\/1999 n. 54\/134, la Commissione intende realizzare iniziative che coinvolgano soprattutto i giovani del nostro territorio, attraverso esperienze che li rendano sempre pi\u00f9 consapevoli della necessit\u00e0 di impegnarsi per combattere ogni forma di violenza. In tale contesto si ritiene opportuno continuare anche per l\u2019anno 2018 la collaborazione con le associazioni, le scuole, la USL1 Umbria e la citt\u00e0, realizzando proiezione di film, incontri e spettacoli teatrali.<\/p>\n<p><strong>6. Collaborazione con i servizi dell&#8217;USL1 Umbria<\/strong><\/p>\n<p>La CPO intende infine proseguire anche nell\u2019anno 2018 la collaborazione con la USL1 Umbria:<\/p>\n<ol>\n<li>per promuovere i servizi territoriali di prevenzione e cura della salute della donna, in collaborazione, in particolare, con il Servizio Consultoriale;<\/li>\n<li>per avviare nuovi percorsi di coinvolgimento della cittadinanza e di sensibilizzazione sul tema della salute mentale e delle dinamiche pre\/post-partum; in collaborazione con il Centro di Salute Mentale.<\/li>\n<\/ol>\n<p><strong>7. Collaborazione con il Lions Club di Gubbio<\/strong><\/p>\n<p>Anche quest&#8217;anno la Commissione Pari Opportunit\u00e0 s&#8217;\u00e8 posta come obiettivo quello di sensibilizzare l&#8217;intero vasto territorio eugubino su un tema a lei caro: la violenza di genere. Per questo intende continuare un rapporto collaborativo con il locale Club dei Lions; gi\u00e0 l&#8217;anno scorso abbiamo organizzato insieme due incontri mirati nelle frazioni e nelle parrocchie, avvalendoci, ovviamente, di personale esperto. Ci sembra, per altro, occasione di promozione del Punto d&#8217;Ascolto per donne vittime di violenza.<\/p>\n<p><strong>8. Proseguimento della collaborazione con la Biblioteca Sperelliana, il Teatro Comunale di Gubbio, l\u2019Assessorato alla Cultura e Pari Opportunit\u00e0 comunale, altri Assessorati comunali, provinciali, regionali ed organismi istituzionali.<\/strong><\/p>\n<p>Tale collaborazione, gi\u00e0 proficua negli anni passati, avr\u00e0 sempre come obiettivo principale l&#8217;attenzione ad iniziative che mettano in evidenza la presenza femminile nei luoghi decisionali attraverso la testimonianza di donne autorevoli che possano essere d\u2019esempio di un impegno profuso per il bene comune e la crescita della societ\u00e0 in genere, attraverso proprio la forza e la peculiarit\u00e0 della differenza di genere.<\/p>\n<p>In particolare si sta avviando la collaborazione con l&#8217;Assessorato alle Politiche Giovanili e allo Sport, e per il suo tramite con l&#8217;Associazione CSI; quest&#8217;anno cade il ventennale del torneo di calcetto al femminile in memoria di Tiziana Mosca, saremo insieme a ricordarla.<\/p>\n<p>&nbsp;<\/p>\n<p>&nbsp;<\/p>\n<p>LA COMMISSIONE PARI OPPORTUNITA\u2019<\/p>\n<p>La Presidente<\/p>\n<p>Rita Pagnozzi<\/p>\n","protected":false},"excerpt":{"rendered":"<p>&nbsp; &nbsp; La Commissione Pari Opportunit\u00e0 per l\u2019anno 2018 intende realizzare un programma che garantisca la prosecuzione delle iniziative gi\u00e0 avviate nel triennio 2015\/2017 e la predisposizione di nuove attivit\u00e0 anche in collaborazione con altri enti, assessorati comunali, associazioni ed altri soggetti istituzionali, in continuit\u00e0 con il lavoro svolto e coerentemente con le finalit\u00e0 proprie [&hellip;]<\/p>\n","protected":false},"author":1,"featured_media":0,"parent":0,"menu_order":0,"comment_status":"closed","ping_status":"closed","template":"","meta":{"_monsterinsights_skip_tracking":false,"_monsterinsights_sitenote_active":false,"_monsterinsights_sitenote_note":"","_monsterinsights_sitenote_category":0,"ngg_post_thumbnail":0,"footnotes":""},"class_list":["post-644","page","type-page","status-publish","hentry"],"_links":{"self":[{"href":"http:\/\/www.pariopportunitagubbio.it\/index.php\/wp-json\/wp\/v2\/pages\/644","targetHints":{"allow":["GET"]}}],"collection":[{"href":"http:\/\/www.pariopportunitagubbio.it\/index.php\/wp-json\/wp\/v2\/pages"}],"about":[{"href":"http:\/\/www.pariopportunitagubbio.it\/index.php\/wp-json\/wp\/v2\/types\/page"}],"author":[{"embeddable":true,"href":"http:\/\/www.pariopportunitagubbio.it\/index.php\/wp-json\/wp\/v2\/users\/1"}],"replies":[{"embeddable":true,"href":"http:\/\/www.pariopportunitagubbio.it\/index.php\/wp-json\/wp\/v2\/comments?post=644"}],"version-history":[{"count":5,"href":"http:\/\/www.pariopportunitagubbio.it\/index.php\/wp-json\/wp\/v2\/pages\/644\/revisions"}],"predecessor-version":[{"id":680,"href":"http:\/\/www.pariopportunitagubbio.it\/index.php\/wp-json\/wp\/v2\/pages\/644\/revisions\/680"}],"wp:attachment":[{"href":"http:\/\/www.pariopportunitagubbio.it\/index.php\/wp-json\/wp\/v2\/media?parent=644"}],"curies":[{"name":"wp","href":"https:\/\/api.w.org\/{rel}","templated":true}]}}