{"id":13,"date":"2013-02-11T15:16:57","date_gmt":"2013-02-11T14:16:57","guid":{"rendered":"http:\/\/pogubbio.dotstage.net\/?page_id=13"},"modified":"2021-03-24T16:00:40","modified_gmt":"2021-03-24T15:00:40","slug":"storia","status":"publish","type":"page","link":"https:\/\/www.pariopportunitagubbio.it\/index.php\/storia\/","title":{"rendered":"Storia"},"content":{"rendered":"<h2 style=\"text-align: justify;\">Le prime battaglie femminili del secolo riguardano il diritto al voto e al mantenimento del posto di lavoro. E certo non potevano immaginare Anna Maria Mozzoni e Maria Montessori, quando nel 1906 avevano presentato una petizione al Parlamento per il voto femminile, nell&#8217;ambito della battaglia pi\u00f9 generale per il suffragio universale, che sarebbero dovuti passare quasi quarant&#8217;anni perch\u00e9 le italiane potessero arrivarci. N\u00e9 a loro n\u00e9 alla socialista Anna Kuliscioff, anche lei impegnata per il voto e per i diritti delle donne con la sua rivista &#8220;Critica sociale&#8221;, avrebbe potuto venir in mente qualcosa di ancora pi\u00f9 problematico. Che cio\u00e8 fra il diritto a votare e quello ad essere elette la distanza sarebbe stata enorme. E che il &#8216;900 sarebbe finito senza che le italiane potessero considerarsi cittadine a pieno titolo.<\/h2>\n<h2 style=\"text-align: justify;\">Anche i diritti sul lavoro saranno oggetto di duri conflitti che percorreranno tutto il secolo, con lotte ben pi\u00f9 incisive di quelle che sono state condotte per i diritti politici. Via via si otterranno norme indirizzate alla parit\u00e0\u2026<br \/>\nE&#8217; possibile scaricare i due&nbsp;<strong>file pdf<\/strong>&nbsp;con la&nbsp;<a title=\"cronologia\" href=\"http:\/\/pogubbio.dotstage.net\/wp-content\/uploads\/2013\/02\/cronologia.pdf\" target=\"_blank\" rel=\"noopener\">cronologia&nbsp;<\/a>e la&nbsp;<a title=\"Storia\" href=\"http:\/\/pogubbio.dotstage.net\/wp-content\/uploads\/2013\/02\/storia.pdf\" target=\"_blank\" rel=\"noopener\">storia&nbsp;<\/a>degli ultimi 100 anni di battaglie femminili per la parit\u00e0, oppure consultarli al seguente indirizzo:<\/h2>\n<h2 style=\"text-align: justify;\"><a href=\"http:\/\/www.pariopportunita.gov.it\/\">www.pariopportunita.gov.it<\/a><\/h2>\n","protected":false},"excerpt":{"rendered":"<p>Le prime battaglie femminili del secolo riguardano il diritto al voto e al mantenimento del posto di lavoro. E certo non potevano immaginare Anna Maria Mozzoni e Maria Montessori, quando nel 1906 avevano presentato una petizione al Parlamento per il voto femminile, nell&#8217;ambito della battaglia pi\u00f9 generale per il suffragio universale, che sarebbero dovuti passare [&hellip;]<\/p>\n","protected":false},"author":1,"featured_media":0,"parent":0,"menu_order":0,"comment_status":"open","ping_status":"open","template":"","meta":{"_monsterinsights_skip_tracking":false,"_monsterinsights_sitenote_active":false,"_monsterinsights_sitenote_note":"","_monsterinsights_sitenote_category":0,"ngg_post_thumbnail":0,"footnotes":""},"class_list":["post-13","page","type-page","status-publish","hentry"],"_links":{"self":[{"href":"https:\/\/www.pariopportunitagubbio.it\/index.php\/wp-json\/wp\/v2\/pages\/13","targetHints":{"allow":["GET"]}}],"collection":[{"href":"https:\/\/www.pariopportunitagubbio.it\/index.php\/wp-json\/wp\/v2\/pages"}],"about":[{"href":"https:\/\/www.pariopportunitagubbio.it\/index.php\/wp-json\/wp\/v2\/types\/page"}],"author":[{"embeddable":true,"href":"https:\/\/www.pariopportunitagubbio.it\/index.php\/wp-json\/wp\/v2\/users\/1"}],"replies":[{"embeddable":true,"href":"https:\/\/www.pariopportunitagubbio.it\/index.php\/wp-json\/wp\/v2\/comments?post=13"}],"version-history":[{"count":11,"href":"https:\/\/www.pariopportunitagubbio.it\/index.php\/wp-json\/wp\/v2\/pages\/13\/revisions"}],"predecessor-version":[{"id":966,"href":"https:\/\/www.pariopportunitagubbio.it\/index.php\/wp-json\/wp\/v2\/pages\/13\/revisions\/966"}],"wp:attachment":[{"href":"https:\/\/www.pariopportunitagubbio.it\/index.php\/wp-json\/wp\/v2\/media?parent=13"}],"curies":[{"name":"wp","href":"https:\/\/api.w.org\/{rel}","templated":true}]}}